{"id":16,"date":"2012-05-13T10:47:59","date_gmt":"2012-05-13T10:47:59","guid":{"rendered":"http:\/\/www.firmenlauf-wiedenbrueck.de\/?page_id=16"},"modified":"2026-02-24T09:24:11","modified_gmt":"2026-02-24T09:24:11","slug":"infos","status":"publish","type":"page","link":"http:\/\/www.firmenlauf-wiedenbrueck.de\/?page_id=16","title":{"rendered":"Infos"},"content":{"rendered":"<p><strong>AOK-Firmenlauf Wiedenbr\u00fcck <\/strong><\/p>\n<p><strong>Mittwoch, 10. Juni 2026<\/strong><\/p>\n<p><strong>Start\/Ziel: Marktplatz Wiedenbr\u00fcck <\/strong><\/p>\n<p>Der AOK-Firmenlauf Wiedenbr\u00fcck geht in diesem Jahr in die 14. Runde!<\/p>\n<p>Hier geht es zum\u00a0Info-Flyer: <strong><a href=\"http:\/\/www.firmenlauf-wiedenbrueck.de\/wp-content\/uploads\/2026\/01\/Wiedenbruck-Flyer-2026-8s-wf-KU2-Klein.pdf\">Flyer AOK-Firmenlauf RWD-2026<\/a><\/strong><\/p>\n<p>Ziel des Events ist es, den Laufsport und die Gesundheit zu f\u00f6rdern. Deshalb freuen wir uns, wenn m\u00f6glichst viele\u00a0laufbegeisterte Teams\u00a0mitmachen, wenn durch die Wiedenbr\u00fccker Altstadt, um den Emssee und \u00fcber den\u00a0Gr\u00fcng\u00fcrtel von M\u00fchlen- und Nordwall gelaufen wird.<\/p>\n<p>Seien Sie dabei &#8211; wir freuen uns auf Sie am 10. Juni!<\/p>\n<p><strong>Zeitplan <\/strong><\/p>\n<p><strong>Ab 19.00 Uhr erfolgen die Starts!<\/strong><br \/>\n19.00 Uhr: 4-km-Lauf\/Walking (2 Runden),<\/p>\n<p>19.40 Uhr: 6-km-AOK-Firmenlauf (3 Runden) 1. Startgruppe<\/p>\n<p>20.20 Uhr:\u00a06-km-AOK-Firmenlauf (3 Runden) 2. Startgruppe<\/p>\n<p>Genaue Zeitangaben erfahren Sie mit der Meldebest\u00e4tigung bzw. ab 15. Mai auf der Internetseite.<\/p>\n<p>&nbsp;<\/p>\n<p><strong>OWL-Firmenlaufmeisterschaft <\/strong><\/p>\n<p>Der Wiedenbr\u00fccker AOK-Firmenlauf ist seit 2016 die \u201eOstwestfalenmeisterschaft im Firmenlauf\u201c. Ein weiterer Ansporn f\u00fcr alle Verwaltungen und Beh\u00f6rden: Wir bitten zum Vergleich aller Stadt- und Kreisverwaltungen in der Region. Holen sie den \u201ePott\u201c f\u00fcr ihre Stadt!<\/p>\n<p><strong>Anmeldung <\/strong><\/p>\n<p>Einzelanmeldungen \u00fcber den Link auf<\/p>\n<p><strong>www.firmenlauf-wiedenbrueck.de<\/strong><\/p>\n<p>Neu: Ein Teilnehmer kann sich direkt anmelden. In diesem Fall ist der Teilnehmerbeitrag umgehend zu \u00fcberweisen. Zahlt die Firma, so gibt der Teamkapit\u00e4n die Namen der \u00fcber die Online-Anmeldung eingegebenen Personen per Mail an den Veranstalter durch (an: <a href=\"mailto:rb@rb-medienservice.de\">rb@rb-medienservice.de<\/a>) und es wird eine Sammelrechnung f\u00fcr die Firma erstellt.<\/p>\n<p>Bitte daher die genaue Firmenbezeichnung angeben!<\/p>\n<p><strong>Teilnahmegeb\u00fchren: <\/strong><\/p>\n<p><strong>AOK-Firmenlauf: <\/strong>13,00 Euro p. P. bis 15.04.2026 \/ 16,00 Euro p. P. ab 16.04.2026<\/p>\n<p><strong>Sch\u00fcler bis einschl. 17 J.: <\/strong>3,00 Euro p. P. bis 15.04.2026 \/ 4,00 Euro p. P. ab 16.04.2026<\/p>\n<p><strong>Meldeschluss: 22. Mai 2026<\/strong><\/p>\n<p>Bis zum 15. April gelten die oben genannten g\u00fcnstigen Fr\u00fchbuchertarife! Die Startnummern erh\u00e4lt jede Firma \/ jeder einzeln angemeldete Teilnehmer wenige Tage vor dem Lauf auf dem Postweg.<\/p>\n<p>&nbsp;<\/p>\n<p><strong>Nachmeldungen <\/strong><\/p>\n<p>Nachmeldungen sind nur dann in sehr begrenztem Umfang m\u00f6glich, wenn noch Pl\u00e4tze frei sind.<\/p>\n<p><strong>3er Teamwertung <\/strong><\/p>\n<p>Jede Firma startet als ein gro\u00dfes Team. Um am Ende eine Firma als Sieger k\u00fcren zu k\u00f6nnen, werden die Zeiten der drei besten L\u00e4uferinnen und L\u00e4ufer eines Unternehmens addiert, danach erfolgt eine Addition der n\u00e4chstbesten drei Zeiten usw.<\/p>\n<p><strong>Ansprechpartner\/ Kapit\u00e4n <\/strong><\/p>\n<p>Jede Firma benennt einen Teamkapit\u00e4n, der f\u00fcr die Koordination der Kolleginnen und Kollegen, wie z. B. die Anmeldung und die Abrechnung, zust\u00e4ndig ist.<\/p>\n<p><strong>Teilnehmerpaket: <\/strong><\/p>\n<p>Jeder Teilnehmer, jede Teilnehmerin erh\u00e4lt eine Urkunde als Download-PDF mit der Platzierung und Einzelzeit sowie Zielverpflegung.<\/p>\n<p><strong>Azubi-Teams gesucht<\/strong><\/p>\n<p>Wir suchen das gr\u00f6\u00dfte und das schnellste Azubi-Team. Bitte in der Anmeldung entsprechend &#8220;Azubi&#8221; ankreuzen.<\/p>\n<p><a href=\"http:\/\/www.firmenlauf-wiedenbrueck.de\/wp-content\/uploads\/2012\/05\/Strecke-Rheda_Wiedenbrueck_web2018.jpg\" rel=\"attachment wp-att-830\"><img loading=\"lazy\" decoding=\"async\" class=\"alignnone size-full wp-image-830\" src=\"http:\/\/www.firmenlauf-wiedenbrueck.de\/wp-content\/uploads\/2012\/05\/Strecke-Rheda_Wiedenbrueck_web2018.jpg\" alt=\"Strecke-Rheda_Wiedenbrueck_web2018\" width=\"600\" height=\"564\" srcset=\"http:\/\/www.firmenlauf-wiedenbrueck.de\/wp-content\/uploads\/2012\/05\/Strecke-Rheda_Wiedenbrueck_web2018.jpg 600w, http:\/\/www.firmenlauf-wiedenbrueck.de\/wp-content\/uploads\/2012\/05\/Strecke-Rheda_Wiedenbrueck_web2018-300x282.jpg 300w\" sizes=\"auto, (max-width: 600px) 100vw, 600px\" \/><\/a><\/p>\n<p>&nbsp;<\/p>\n<p><a href=\"http:\/\/www.firmenlauf-wiedenbrueck.de\/wp-content\/uploads\/2012\/05\/Start_Ziel_Firmenlauf-Wiedenbrueck-web2018.jpg\" rel=\"attachment wp-att-831\"><img loading=\"lazy\" decoding=\"async\" class=\"alignnone size-large wp-image-831\" src=\"http:\/\/www.firmenlauf-wiedenbrueck.de\/wp-content\/uploads\/2012\/05\/Start_Ziel_Firmenlauf-Wiedenbrueck-web2018-574x1024.jpg\" alt=\"Start_Ziel_Firmenlauf-Wiedenbrueck-web2018\" width=\"574\" height=\"1024\" srcset=\"http:\/\/www.firmenlauf-wiedenbrueck.de\/wp-content\/uploads\/2012\/05\/Start_Ziel_Firmenlauf-Wiedenbrueck-web2018-574x1024.jpg 574w, http:\/\/www.firmenlauf-wiedenbrueck.de\/wp-content\/uploads\/2012\/05\/Start_Ziel_Firmenlauf-Wiedenbrueck-web2018-168x300.jpg 168w, http:\/\/www.firmenlauf-wiedenbrueck.de\/wp-content\/uploads\/2012\/05\/Start_Ziel_Firmenlauf-Wiedenbrueck-web2018.jpg 600w\" sizes=\"auto, (max-width: 574px) 100vw, 574px\" \/><\/a><\/p>\n","protected":false},"excerpt":{"rendered":"<p>AOK-Firmenlauf Wiedenbr\u00fcck Mittwoch, 10. Juni 2026 Start\/Ziel: Marktplatz Wiedenbr\u00fcck Der AOK-Firmenlauf Wiedenbr\u00fcck geht in diesem Jahr in die 14. Runde! Hier geht es zum\u00a0Info-Flyer: Flyer AOK-Firmenlauf RWD-2026 Ziel des Events [&hellip;]<\/p>\n","protected":false},"author":1,"featured_media":0,"parent":0,"menu_order":0,"comment_status":"open","ping_status":"open","template":"","meta":{"footnotes":""},"class_list":["post-16","page","type-page","status-publish","hentry"],"_links":{"self":[{"href":"http:\/\/www.firmenlauf-wiedenbrueck.de\/index.php?rest_route=\/wp\/v2\/pages\/16","targetHints":{"allow":["GET"]}}],"collection":[{"href":"http:\/\/www.firmenlauf-wiedenbrueck.de\/index.php?rest_route=\/wp\/v2\/pages"}],"about":[{"href":"http:\/\/www.firmenlauf-wiedenbrueck.de\/index.php?rest_route=\/wp\/v2\/types\/page"}],"author":[{"embeddable":true,"href":"http:\/\/www.firmenlauf-wiedenbrueck.de\/index.php?rest_route=\/wp\/v2\/users\/1"}],"replies":[{"embeddable":true,"href":"http:\/\/www.firmenlauf-wiedenbrueck.de\/index.php?rest_route=%2Fwp%2Fv2%2Fcomments&post=16"}],"version-history":[{"count":43,"href":"http:\/\/www.firmenlauf-wiedenbrueck.de\/index.php?rest_route=\/wp\/v2\/pages\/16\/revisions"}],"predecessor-version":[{"id":1488,"href":"http:\/\/www.firmenlauf-wiedenbrueck.de\/index.php?rest_route=\/wp\/v2\/pages\/16\/revisions\/1488"}],"wp:attachment":[{"href":"http:\/\/www.firmenlauf-wiedenbrueck.de\/index.php?rest_route=%2Fwp%2Fv2%2Fmedia&parent=16"}],"curies":[{"name":"wp","href":"https:\/\/api.w.org\/{rel}","templated":true}]}}