{"id":196,"date":"2013-02-05T21:07:49","date_gmt":"2013-02-05T21:07:49","guid":{"rendered":"http:\/\/www.firmenlauf-wiedenbrueck.de\/?page_id=196"},"modified":"2020-09-09T10:58:20","modified_gmt":"2020-09-09T10:58:20","slug":"presse","status":"publish","type":"page","link":"http:\/\/www.firmenlauf-wiedenbrueck.de\/?page_id=196","title":{"rendered":"Presse"},"content":{"rendered":"<p><strong>Pressemitteilungen<\/strong><\/p>\n<p>PM vom 9. Sept. 2020<\/p>\n<p><a href=\"http:\/\/www.firmenlauf-wiedenbrueck.de\/wp-content\/uploads\/2013\/02\/Gemeinsame-PM-Jetzt-noch-anmelden-f\u00fcr-virtuelle-Firmenl\u00e4ufe-Wiedenbr\u00fcck-und-GT-09.09.2020.pdf\" rel=\"\">Gemeinsame PM Jetzt noch anmelden f\u00fcr virtuelle Firmenl\u00e4ufe Wiedenbr\u00fcck und GT 09.09.2020<\/a><\/p>\n<p>PM vom 19. August 2020<\/p>\n<p><a href=\"http:\/\/www.firmenlauf-wiedenbrueck.de\/wp-content\/uploads\/2020\/08\/PM-AOK-Firmenlauf-Wiedenbr\u00fcck-19.08.2020.docx\" rel=\"\">PM AOK-Firmenlauf Wiedenbr\u00fcck 19.08.2020<\/a><\/p>\n<p><strong>2013<\/strong><\/p>\n<p><a href=\"http:\/\/www.firmenlauf-wiedenbrueck.de\/wp-content\/uploads\/2013\/02\/NW_Firm20130620-web1.jpg\"><img loading=\"lazy\" decoding=\"async\" class=\"alignnone size-full wp-image-397\" title=\"NW_Firm20130620-web1\" src=\"http:\/\/www.firmenlauf-wiedenbrueck.de\/wp-content\/uploads\/2013\/02\/NW_Firm20130620-web1.jpg\" alt=\"\" width=\"560\" height=\"1121\" srcset=\"http:\/\/www.firmenlauf-wiedenbrueck.de\/wp-content\/uploads\/2013\/02\/NW_Firm20130620-web1.jpg 560w, http:\/\/www.firmenlauf-wiedenbrueck.de\/wp-content\/uploads\/2013\/02\/NW_Firm20130620-web1-511x1024.jpg 511w\" sizes=\"auto, (max-width: 560px) 100vw, 560px\" \/><\/a><\/p>\n<p><a href=\"http:\/\/www.firmenlauf-wiedenbrueck.de\/wp-content\/uploads\/2013\/02\/Firmenlauf_20130621.1GLOCKE.jpg\"><img loading=\"lazy\" decoding=\"async\" class=\"alignnone size-full wp-image-398\" title=\"Firmenlauf_20130621.1GLOCKE\" src=\"http:\/\/www.firmenlauf-wiedenbrueck.de\/wp-content\/uploads\/2013\/02\/Firmenlauf_20130621.1GLOCKE.jpg\" alt=\"\" width=\"560\" height=\"641\" srcset=\"http:\/\/www.firmenlauf-wiedenbrueck.de\/wp-content\/uploads\/2013\/02\/Firmenlauf_20130621.1GLOCKE.jpg 560w, http:\/\/www.firmenlauf-wiedenbrueck.de\/wp-content\/uploads\/2013\/02\/Firmenlauf_20130621.1GLOCKE-262x300.jpg 262w\" sizes=\"auto, (max-width: 560px) 100vw, 560px\" \/><\/a><\/p>\n<p><a href=\"http:\/\/www.firmenlauf-wiedenbrueck.de\/wp-content\/uploads\/2013\/02\/Firmenlauf_20130620.1GLOCKE.jpg\"><img loading=\"lazy\" decoding=\"async\" class=\"alignnone size-full wp-image-399\" title=\"Firmenlauf_20130620.1GLOCKE\" src=\"http:\/\/www.firmenlauf-wiedenbrueck.de\/wp-content\/uploads\/2013\/02\/Firmenlauf_20130620.1GLOCKE.jpg\" alt=\"\" width=\"560\" height=\"359\" srcset=\"http:\/\/www.firmenlauf-wiedenbrueck.de\/wp-content\/uploads\/2013\/02\/Firmenlauf_20130620.1GLOCKE.jpg 560w, http:\/\/www.firmenlauf-wiedenbrueck.de\/wp-content\/uploads\/2013\/02\/Firmenlauf_20130620.1GLOCKE-300x192.jpg 300w\" sizes=\"auto, (max-width: 560px) 100vw, 560px\" \/><\/a><\/p>\n<p><strong>2012<\/strong><\/p>\n<p>&nbsp;<\/p>\n<p><a href=\"http:\/\/www.firmenlauf-wiedenbrueck.de\/wp-content\/uploads\/2012\/07\/NW_20120621_Firmenlauf_web.jpg\"><img loading=\"lazy\" decoding=\"async\" title=\"NW_20120621_Firmenlauf_web\" src=\"http:\/\/www.firmenlauf-wiedenbrueck.de\/wp-content\/uploads\/2012\/07\/NW_20120621_Firmenlauf_web.jpg\" alt=\"\" width=\"530\" height=\"906\" \/><\/a><\/p>\n<p>&nbsp;<\/p>\n<p><a href=\"http:\/\/www.firmenlauf-wiedenbrueck.de\/wp-content\/uploads\/2013\/02\/Glocke_20120621_Firmenlauf_web.jpg\"><img loading=\"lazy\" decoding=\"async\" class=\"alignnone size-large wp-image-236\" title=\"Glocke_20120621_Firmenlauf_web\" src=\"http:\/\/www.firmenlauf-wiedenbrueck.de\/wp-content\/uploads\/2013\/02\/Glocke_20120621_Firmenlauf_web-1024x871.jpg\" alt=\"\" width=\"620\" height=\"527\" srcset=\"http:\/\/www.firmenlauf-wiedenbrueck.de\/wp-content\/uploads\/2013\/02\/Glocke_20120621_Firmenlauf_web-1024x871.jpg 1024w, http:\/\/www.firmenlauf-wiedenbrueck.de\/wp-content\/uploads\/2013\/02\/Glocke_20120621_Firmenlauf_web-300x255.jpg 300w, http:\/\/www.firmenlauf-wiedenbrueck.de\/wp-content\/uploads\/2013\/02\/Glocke_20120621_Firmenlauf_web.jpg 1890w\" sizes=\"auto, (max-width: 620px) 100vw, 620px\" \/><\/a><\/p>\n<p><a href=\"http:\/\/www.firmenlauf-wiedenbrueck.de\/wp-content\/uploads\/2013\/02\/Glocke_20120622_Firmenlauf_web.jpg\"><img loading=\"lazy\" decoding=\"async\" class=\"alignnone wp-image-230\" title=\"Glocke_20120622_Firmenlauf_web\" src=\"http:\/\/www.firmenlauf-wiedenbrueck.de\/wp-content\/uploads\/2013\/02\/Glocke_20120622_Firmenlauf_web.jpg\" alt=\"\" width=\"556\" height=\"346\" srcset=\"http:\/\/www.firmenlauf-wiedenbrueck.de\/wp-content\/uploads\/2013\/02\/Glocke_20120622_Firmenlauf_web.jpg 1890w, http:\/\/www.firmenlauf-wiedenbrueck.de\/wp-content\/uploads\/2013\/02\/Glocke_20120622_Firmenlauf_web-300x186.jpg 300w, http:\/\/www.firmenlauf-wiedenbrueck.de\/wp-content\/uploads\/2013\/02\/Glocke_20120622_Firmenlauf_web-1024x637.jpg 1024w\" sizes=\"auto, (max-width: 556px) 100vw, 556px\" \/><\/a><\/p>\n<p><a href=\"http:\/\/www.firmenlauf-wiedenbrueck.de\/wp-content\/uploads\/2013\/02\/NW_20120622_Firmenlauf_web.jpg\"><img loading=\"lazy\" decoding=\"async\" class=\"alignnone size-large wp-image-238\" title=\"NW_20120622_Firmenlauf_web\" src=\"http:\/\/www.firmenlauf-wiedenbrueck.de\/wp-content\/uploads\/2013\/02\/NW_20120622_Firmenlauf_web-442x1024.jpg\" alt=\"\" width=\"442\" height=\"1024\" srcset=\"http:\/\/www.firmenlauf-wiedenbrueck.de\/wp-content\/uploads\/2013\/02\/NW_20120622_Firmenlauf_web-442x1024.jpg 442w, http:\/\/www.firmenlauf-wiedenbrueck.de\/wp-content\/uploads\/2013\/02\/NW_20120622_Firmenlauf_web-129x300.jpg 129w\" sizes=\"auto, (max-width: 442px) 100vw, 442px\" \/><\/a><\/p>\n<p><a href=\"http:\/\/www.firmenlauf-wiedenbrueck.de\/wp-content\/uploads\/2013\/02\/Glocke_20120615_Firmenlauf_web.jpg\"><img loading=\"lazy\" decoding=\"async\" class=\"alignnone size-large wp-image-239\" title=\"Glocke_20120615_Firmenlauf_web\" src=\"http:\/\/www.firmenlauf-wiedenbrueck.de\/wp-content\/uploads\/2013\/02\/Glocke_20120615_Firmenlauf_web-1024x891.jpg\" alt=\"\" width=\"620\" height=\"539\" srcset=\"http:\/\/www.firmenlauf-wiedenbrueck.de\/wp-content\/uploads\/2013\/02\/Glocke_20120615_Firmenlauf_web-1024x891.jpg 1024w, http:\/\/www.firmenlauf-wiedenbrueck.de\/wp-content\/uploads\/2013\/02\/Glocke_20120615_Firmenlauf_web-300x261.jpg 300w, http:\/\/www.firmenlauf-wiedenbrueck.de\/wp-content\/uploads\/2013\/02\/Glocke_20120615_Firmenlauf_web.jpg 1890w\" sizes=\"auto, (max-width: 620px) 100vw, 620px\" \/><\/a><\/p>\n<p><a href=\"http:\/\/www.firmenlauf-wiedenbrueck.de\/wp-content\/uploads\/2013\/02\/NW_20120620_Firmenlauf_web.jpg\"><img loading=\"lazy\" decoding=\"async\" class=\"alignnone size-large wp-image-240\" title=\"NW_20120620_Firmenlauf_web\" src=\"http:\/\/www.firmenlauf-wiedenbrueck.de\/wp-content\/uploads\/2013\/02\/NW_20120620_Firmenlauf_web-1024x347.jpg\" alt=\"\" width=\"620\" height=\"210\" srcset=\"http:\/\/www.firmenlauf-wiedenbrueck.de\/wp-content\/uploads\/2013\/02\/NW_20120620_Firmenlauf_web-1024x347.jpg 1024w, http:\/\/www.firmenlauf-wiedenbrueck.de\/wp-content\/uploads\/2013\/02\/NW_20120620_Firmenlauf_web-300x101.jpg 300w, http:\/\/www.firmenlauf-wiedenbrueck.de\/wp-content\/uploads\/2013\/02\/NW_20120620_Firmenlauf_web.jpg 1890w\" sizes=\"auto, (max-width: 620px) 100vw, 620px\" \/><\/a><\/p>\n<p>&nbsp;<\/p>\n","protected":false},"excerpt":{"rendered":"<p>Pressemitteilungen PM vom 9. Sept. 2020 Gemeinsame PM Jetzt noch anmelden f\u00fcr virtuelle Firmenl\u00e4ufe Wiedenbr\u00fcck und GT 09.09.2020 PM vom 19. August 2020 PM AOK-Firmenlauf Wiedenbr\u00fcck 19.08.2020 2013 2012 &nbsp; [&hellip;]<\/p>\n","protected":false},"author":2,"featured_media":0,"parent":0,"menu_order":0,"comment_status":"closed","ping_status":"open","template":"","meta":{"footnotes":""},"class_list":["post-196","page","type-page","status-publish","hentry"],"_links":{"self":[{"href":"http:\/\/www.firmenlauf-wiedenbrueck.de\/index.php?rest_route=\/wp\/v2\/pages\/196","targetHints":{"allow":["GET"]}}],"collection":[{"href":"http:\/\/www.firmenlauf-wiedenbrueck.de\/index.php?rest_route=\/wp\/v2\/pages"}],"about":[{"href":"http:\/\/www.firmenlauf-wiedenbrueck.de\/index.php?rest_route=\/wp\/v2\/types\/page"}],"author":[{"embeddable":true,"href":"http:\/\/www.firmenlauf-wiedenbrueck.de\/index.php?rest_route=\/wp\/v2\/users\/2"}],"replies":[{"embeddable":true,"href":"http:\/\/www.firmenlauf-wiedenbrueck.de\/index.php?rest_route=%2Fwp%2Fv2%2Fcomments&post=196"}],"version-history":[{"count":10,"href":"http:\/\/www.firmenlauf-wiedenbrueck.de\/index.php?rest_route=\/wp\/v2\/pages\/196\/revisions"}],"predecessor-version":[{"id":1067,"href":"http:\/\/www.firmenlauf-wiedenbrueck.de\/index.php?rest_route=\/wp\/v2\/pages\/196\/revisions\/1067"}],"wp:attachment":[{"href":"http:\/\/www.firmenlauf-wiedenbrueck.de\/index.php?rest_route=%2Fwp%2Fv2%2Fmedia&parent=196"}],"curies":[{"name":"wp","href":"https:\/\/api.w.org\/{rel}","templated":true}]}}